{"id":1251,"date":"2021-04-16T16:39:46","date_gmt":"2021-04-16T16:39:46","guid":{"rendered":"https:\/\/www.rochas.com\/?page_id=1251"},"modified":"2022-11-03T15:54:40","modified_gmt":"2022-11-03T15:54:40","slug":"politique-de-confidentialite","status":"publish","type":"page","link":"https:\/\/www-p.rochas.com\/fr\/politique-de-confidentialite","title":{"rendered":"Politique de confidentialit\u00e9"},"content":{"rendered":"\n<h2 class=\"wp-block-heading\"><strong>QUI EST LE RESPONSABLE DU TRAITEMENT DE MES DONNEES PERSONNELLES ?<\/strong><\/h2>\n\n\n\n<p>INTERPARFUMS soci\u00e9t\u00e9 anonyme au capital de 171\u00a0561\u00a0747 eu10 rue de Solferino, 75007 Paris, immatricul\u00e9e au RCS Paris sous le num\u00e9ro 350 219 382<\/p>\n\n\n\n<h2 class=\"wp-block-heading\"><strong>QUAND COLLECTONS-NOUS VOS DONNEES PERSONNELLES ?<\/strong><\/h2>\n\n\n\n<p>Vous pouvez nous fournir des renseignements personnels lorsque vous visitez notre site www.rochas.com. Dans ce contexte, INTERPARFUMS est susceptible de collecter vos Donn\u00e9es Personnelles \u00e0 l\u2019aide des op\u00e9rations suivantes :<\/p>\n\n\n\n<p>&#8211; Lorsque vous naviguez sur le site www.rochas.com (c.-\u00e0-d. des informations techniques, telles que les adresses IP ou les logs collect\u00e9s par le biais de cookies ou de technologies similaires);<\/p>\n\n\n\n<p>&#8211; Lorsque vous remplissez notre formulaire \u00ab Contact \u00bb de la rubrique propos\u00e9e sur notre Site ;<\/p>\n\n\n\n<p>&#8211; Lorsque vous soumettez des renseignements personnels de toute autre mani\u00e8re.<\/p>\n\n\n\n<h2 class=\"wp-block-heading\"><strong>QUE FAISONS-NOUS DE VOS DONNEES PERSONNELLE<\/strong>S ?<\/h2>\n\n\n\n<h3 class=\"wp-block-heading\"><strong>Pour quelle finalit\u00e9 INTERPARFUMS traite-t-il vos Donn\u00e9es Personnelles ?<\/strong><\/h3>\n\n\n\n<p>Selon le cas, en fonction du type de Donn\u00e9es Personnelles que vous nous communiquez, nous utiliserons vos Donn\u00e9es Personnelles aux fins suivantes :<\/p>\n\n\n\n<p>a) R\u00e9pondre \u00e0 vos questions et\/ou \u00e0 vos demandes sur notre Soci\u00e9t\u00e9 ou nos produits adress\u00e9es via le formulaire \u00ab&nbsp;Contact&nbsp;\u00bb&nbsp;correspondant ;<\/p>\n\n\n\n<p>b) R\u00e9aliser via l\u2019utilisation de cookies des analyses statistiques relatives \u00e0 l\u2019utilisation et \u00e0 la fr\u00e9quentation de notre Site afin d\u2019am\u00e9liorer nos services et notre technologie&nbsp;;<\/p>\n\n\n\n<p>c) Vous communiquer des informations commerciales ou non concernant nos produits&nbsp;;<\/p>\n\n\n\n<p>d) Vous adresser des \u00e9chantillons de mani\u00e8re ponctuelle pour la promotion de nos produits&nbsp;;<\/p>\n\n\n\n<p>e) G\u00e9rer votre participation \u00e0 des concours et\/ou tirages au sort, et\/ou toutes autres op\u00e9rations commerciales auxquelles vous consentez \u00e0 participer.<\/p>\n\n\n\n<p>Veuillez noter que les champs marqu\u00e9s d\u2019un ast\u00e9risque sur les formulaires en ligne doivent obligatoirement \u00eatre compl\u00e9t\u00e9s. Sans ces informations, la demande de l\u2019utilisateur ne peut \u00eatre trait\u00e9e par INTERPARFUMS. Toute autre information est facultative.<\/p>\n\n\n\n<h3 class=\"wp-block-heading\"><strong>Pendant combien de temps INTERPARFUMS conserve-t-il vos Donn\u00e9es Personnelles ?<\/strong><\/h3>\n\n\n\n<p>Nous utiliserons vos Donn\u00e9es Personnelles seulement durant la p\u00e9riode n\u00e9cessaire \u00e0 l\u2019accomplissement des finalit\u00e9s d\u00e9crites au point 3 ci-dessous. INTERPARFUMS conserve vos Donn\u00e9es Personnelles conform\u00e9ment aux d\u00e9lais de conservation impos\u00e9s par les lois applicables et plus particuli\u00e8rement&nbsp;:<\/p>\n\n\n\n<p>Questions et demandes&nbsp;: Vos Donn\u00e9es Personnelles seront conserv\u00e9es que pour la dur\u00e9e du traitement de votre demande, elles seront ensuite d\u00e9truites.<\/p>\n\n\n\n<p>Donn\u00e9es de connexions&nbsp;: vos logs de connexion collect\u00e9s, sous r\u00e9serve de votre accord et du param\u00e9trage de votre terminal, via l\u2019utilisation de cookies, seront conserv\u00e9s conform\u00e9ment \u00e0 la r\u00e9glementation applicable pour une dur\u00e9e de treize (13) mois. Pour plus de d\u00e9tails sur les cookies, voir notre politique en mati\u00e8re de cookies et cliquez sur le&nbsp;<a href=\"javascript:openAxeptioCookies()\">lien<\/a>.<\/p>\n\n\n\n<p>Vos Donn\u00e9es Personnelles seront, dans tous les cas, d\u00e9truites sur simple demande de votre part transmise en cliquant sur le&nbsp;<a href=\"https:\/\/www-p.rochas.com\/fr\/contact\">lien<\/a>.<\/p>\n\n\n\n<h3 class=\"wp-block-heading\"><strong>Suis-je oblig\u00e9 de consentir au traitement de mes Donn\u00e9es Personnelles ?<\/strong><\/h3>\n\n\n\n<p>Si vous souhaitez utiliser nos services avec les finalit\u00e9s d\u00e9crites ci-dessus, nous sommes oblig\u00e9s de traiter vos Donn\u00e9es Personnelles. Les traitements mis en \u0153uvre sont r\u00e9alis\u00e9s sur la base de votre consentement uniquement. Par cons\u00e9quent, en cas de refus de votre part du traitement de vos Donn\u00e9es Personnelles, INTERPARFUMS ne pourra pas r\u00e9pondre \u00e0 vos demandes et\/ou fournir les services demand\u00e9s.<\/p>\n\n\n\n<h2 class=\"wp-block-heading\"><strong>AVEC QUI PARTAGEONS-NOUS VOS DONN\u00c9ES PERSONNELLES<\/strong><\/h2>\n\n\n\n<h3 class=\"wp-block-heading\"><strong>INTERPARFUMS peut-il communiquer et\/ou c\u00e9der vos Donn\u00e9es Personnelles ?<\/strong><\/h3>\n\n\n\n<p>INTERPARFUMS est susceptible, en cas de n\u00e9cessit\u00e9, selon les modalit\u00e9s d\u00e9crites, de communiquer vos Donn\u00e9es Personnelles :<\/p>\n\n\n\n<ol type=\"a\"><li>Aux employ\u00e9s de INTERPARFUMS travaillant au sein des \u00e9quipes en charge de la communication externe,<\/li><li>Aux employ\u00e9s de INTERPARFUMS&nbsp;travaillant au sein des \u00e9quipes num\u00e9riques et informatiques\u2009;<\/li><li>De mani\u00e8re incidente, aux sous-traitants de INTERPARFUMS&nbsp;charg\u00e9s notamment du support client, h\u00e9bergement et support informatique ;<\/li><li>Aux tiers pour la r\u00e9alisation de statistiques&nbsp;associ\u00e9s \u00e0 l\u2019utilisation du site internet ;<\/li><li>Aux soci\u00e9t\u00e9s sp\u00e9cialis\u00e9es dans l\u2019envoi d\u2019emailing pour l\u2019envoi d\u2019\u00e9chantillons de nos produits&nbsp;;<\/li><li>Aux serveurs de courriers \u00e9lectroniques afin de r\u00e9aliser des campagnes marketing par email&nbsp;;<\/li><li>Dans le cas o\u00f9 la communication de vos Donn\u00e9es Personnelles \u00e0 des tierces parties serait requise par une loi, une disposition r\u00e9glementaire ou une d\u00e9cision judiciaire.<\/li><\/ol>\n\n\n\n<h3 class=\"wp-block-heading\"><strong>Vos Donn\u00e9es Personnelles seront-elles c\u00e9d\u00e9es \u00e0 d\u2019autres pays ?<\/strong><\/h3>\n\n\n\n<p>Non, vos Donn\u00e9es Personnelles ne seront pas c\u00e9d\u00e9es \u00e0 des entit\u00e9s domicili\u00e9es \u00e0 l\u2019\u00e9tranger.<\/p>\n\n\n\n<h2 class=\"wp-block-heading\"><strong>QUELS SONT VOS DROITS SUR VOS DONN\u00c9ES PERSONNELLES ?<\/strong><\/h2>\n\n\n\n<p>Vous pouvez, \u00e0 tout moment, exercer vos droits d\u2019acc\u00e8s, de rectification, d\u2019effacement et de portabilit\u00e9 \u00e0 l\u2019\u00e9gard de vos Donn\u00e9es Personnelles, ainsi que vos droits de restriction et d\u2019opposition au Traitement de vos Donn\u00e9es Personnelles, conform\u00e9ment aux dispositions figurant dans la r\u00e9glementation relative \u00e0 la Protection des Donn\u00e9es. Ces droits peuvent \u00eatre exerc\u00e9s directement aupr\u00e8s du D\u00e9l\u00e9gu\u00e9 \u00e0 la protection des Donn\u00e9es (voir section 9). Pour nous permettre de r\u00e9pondre \u00e0 votre demande, un justificatif d\u2019identit\u00e9 pourra vous \u00eatre demand\u00e9. Vous disposez par ailleurs du droit de saisir la Commission Nationale de l\u2019Informatique et des Libert\u00e9s (CNIL), 3 Place de Fontenoy-TSA 80715-75334 Paris Cedex 07, tel&nbsp;: 01 53 73 22 22, de toute r\u00e9clamation se rapportant \u00e0 la mani\u00e8re dont INTERPARFUMS collecte et traite vos Donn\u00e9es.<\/p>\n\n\n\n<h2 class=\"wp-block-heading\"><strong>QUESTIONS ET CONTACTS<\/strong><\/h2>\n\n\n\n<p>Pour toute question ou commentaire concernant notre Politique, ou la mani\u00e8re dont INTERPARFUMS recueille et utilise vos Donn\u00e9es Personnelles, et pour exercer vos droits relatifs \u00e0 vos Donn\u00e9es Personnelles, veuillez \u00e9crire \u00e0 notre D\u00e9l\u00e9gu\u00e9 \u00e0 la Protection des Donn\u00e9es (DPO) sur notre page <a href=\"https:\/\/www-p.rochas.com\/fr\/contact\">contact<\/a> ou par courrier postal \u00e0 l\u2019adresse suivante : INTERPARFUMS-DPO, 4 Rond-Point des Champs Elys\u00e9es 75008 Paris.<\/p>\n\n\n\n<h2 class=\"wp-block-heading\"><strong><strong>MODIFICATION DE NOTRE POLITIQUE DE CONFIDENTIALITE<\/strong><\/strong><\/h2>\n\n\n\n<p>La pr\u00e9sente Politique de confidentialit\u00e9 peut \u00eatre modifi\u00e9e ou compl\u00e9t\u00e9e \u00e0 tout moment par INTERPARFUMS. Toutes les modifications et tous les compl\u00e9ments apport\u00e9s \u00e0 la pr\u00e9sente Politique prennent effet d\u00e8s leur publication sur le Site.<\/p>\n","protected":false},"excerpt":{"rendered":"<p>QUI EST LE RESPONSABLE DU TRAITEMENT DE MES DONNEES PERSONNELLES ? INTERPARFUMS soci\u00e9t\u00e9 anonyme au capital de 171\u00a0561\u00a0747 eu10 rue de Solferino, 75007 Paris, immatricul\u00e9e au RCS Paris sous le num\u00e9ro 350 219 382 QUAND COLLECTONS-NOUS VOS DONNEES PERSONNELLES ? Vous pouvez nous fournir des renseignements personnels lorsque vous visitez notre site www.rochas.com. Dans ce [&hellip;]<\/p>\n","protected":false},"author":1,"featured_media":0,"parent":0,"menu_order":0,"comment_status":"closed","ping_status":"closed","template":"template-legal.php","meta":{"_acf_changed":false,"footnotes":""},"search_page_tag":[],"acf":[],"yoast_head":"<!-- This site is optimized with the Yoast SEO plugin v22.3 - https:\/\/yoast.com\/wordpress\/plugins\/seo\/ -->\n<title>Politique de confidentialit\u00e9 - Rochas Site Officiel<\/title>\n<meta name=\"robots\" content=\"noindex, follow, max-snippet:-1, max-image-preview:large, max-video-preview:-1\" \/>\n<meta property=\"og:locale\" content=\"fr_FR\" \/>\n<meta property=\"og:type\" content=\"article\" \/>\n<meta property=\"og:title\" content=\"Politique de confidentialit\u00e9 - Rochas Site Officiel\" \/>\n<meta property=\"og:description\" content=\"QUI EST LE RESPONSABLE DU TRAITEMENT DE MES DONNEES PERSONNELLES ? INTERPARFUMS soci\u00e9t\u00e9 anonyme au capital de 171\u00a0561\u00a0747 eu10 rue de Solferino, 75007 Paris, immatricul\u00e9e au RCS Paris sous le num\u00e9ro 350 219 382 QUAND COLLECTONS-NOUS VOS DONNEES PERSONNELLES ? Vous pouvez nous fournir des renseignements personnels lorsque vous visitez notre site www.rochas.com. Dans ce [&hellip;]\" \/>\n<meta property=\"og:url\" content=\"https:\/\/www-p.rochas.com\/fr\/politique-de-confidentialite\" \/>\n<meta property=\"og:site_name\" content=\"Rochas Site Officiel\" \/>\n<meta property=\"article:modified_time\" content=\"2022-11-03T15:54:40+00:00\" \/>\n<meta name=\"twitter:card\" content=\"summary_large_image\" \/>\n<meta name=\"twitter:label1\" content=\"Dur\u00e9e de lecture estim\u00e9e\" \/>\n\t<meta name=\"twitter:data1\" content=\"5 minutes\" \/>\n<script type=\"application\/ld+json\" class=\"yoast-schema-graph\">{\"@context\":\"https:\/\/schema.org\",\"@graph\":[{\"@type\":\"WebPage\",\"@id\":\"https:\/\/www-p.rochas.com\/fr\/politique-de-confidentialite\",\"url\":\"https:\/\/www-p.rochas.com\/fr\/politique-de-confidentialite\",\"name\":\"Politique de confidentialit\u00e9 - Rochas Site Officiel\",\"isPartOf\":{\"@id\":\"https:\/\/www-p.rochas.com\/fr#website\"},\"datePublished\":\"2021-04-16T16:39:46+00:00\",\"dateModified\":\"2022-11-03T15:54:40+00:00\",\"breadcrumb\":{\"@id\":\"https:\/\/www-p.rochas.com\/fr\/politique-de-confidentialite#breadcrumb\"},\"inLanguage\":\"fr-FR\",\"potentialAction\":[{\"@type\":\"ReadAction\",\"target\":[\"https:\/\/www-p.rochas.com\/fr\/politique-de-confidentialite\"]}]},{\"@type\":\"BreadcrumbList\",\"@id\":\"https:\/\/www-p.rochas.com\/fr\/politique-de-confidentialite#breadcrumb\",\"itemListElement\":[{\"@type\":\"ListItem\",\"position\":1,\"name\":\"Home\",\"item\":\"https:\/\/www-p.rochas.com\/fr\"},{\"@type\":\"ListItem\",\"position\":2,\"name\":\"Politique de confidentialit\u00e9\"}]},{\"@type\":\"WebSite\",\"@id\":\"https:\/\/www-p.rochas.com\/fr#website\",\"url\":\"https:\/\/www-p.rochas.com\/fr\",\"name\":\"Rochas Site Officiel\",\"description\":\"Mode et parfum \u00e0 Paris depuis 1925\",\"potentialAction\":[{\"@type\":\"SearchAction\",\"target\":{\"@type\":\"EntryPoint\",\"urlTemplate\":\"https:\/\/www-p.rochas.com\/fr?s={search_term_string}\"},\"query-input\":\"required name=search_term_string\"}],\"inLanguage\":\"fr-FR\"}]}<\/script>\n<!-- \/ Yoast SEO plugin. -->","yoast_head_json":{"title":"Politique de confidentialit\u00e9 - Rochas Site Officiel","robots":{"index":"noindex","follow":"follow","max-snippet":"max-snippet:-1","max-image-preview":"max-image-preview:large","max-video-preview":"max-video-preview:-1"},"og_locale":"fr_FR","og_type":"article","og_title":"Politique de confidentialit\u00e9 - Rochas Site Officiel","og_description":"QUI EST LE RESPONSABLE DU TRAITEMENT DE MES DONNEES PERSONNELLES ? INTERPARFUMS soci\u00e9t\u00e9 anonyme au capital de 171\u00a0561\u00a0747 eu10 rue de Solferino, 75007 Paris, immatricul\u00e9e au RCS Paris sous le num\u00e9ro 350 219 382 QUAND COLLECTONS-NOUS VOS DONNEES PERSONNELLES ? Vous pouvez nous fournir des renseignements personnels lorsque vous visitez notre site www.rochas.com. Dans ce [&hellip;]","og_url":"https:\/\/www-p.rochas.com\/fr\/politique-de-confidentialite","og_site_name":"Rochas Site Officiel","article_modified_time":"2022-11-03T15:54:40+00:00","twitter_card":"summary_large_image","twitter_misc":{"Dur\u00e9e de lecture estim\u00e9e":"5 minutes"},"schema":{"@context":"https:\/\/schema.org","@graph":[{"@type":"WebPage","@id":"https:\/\/www-p.rochas.com\/fr\/politique-de-confidentialite","url":"https:\/\/www-p.rochas.com\/fr\/politique-de-confidentialite","name":"Politique de confidentialit\u00e9 - Rochas Site Officiel","isPartOf":{"@id":"https:\/\/www-p.rochas.com\/fr#website"},"datePublished":"2021-04-16T16:39:46+00:00","dateModified":"2022-11-03T15:54:40+00:00","breadcrumb":{"@id":"https:\/\/www-p.rochas.com\/fr\/politique-de-confidentialite#breadcrumb"},"inLanguage":"fr-FR","potentialAction":[{"@type":"ReadAction","target":["https:\/\/www-p.rochas.com\/fr\/politique-de-confidentialite"]}]},{"@type":"BreadcrumbList","@id":"https:\/\/www-p.rochas.com\/fr\/politique-de-confidentialite#breadcrumb","itemListElement":[{"@type":"ListItem","position":1,"name":"Home","item":"https:\/\/www-p.rochas.com\/fr"},{"@type":"ListItem","position":2,"name":"Politique de confidentialit\u00e9"}]},{"@type":"WebSite","@id":"https:\/\/www-p.rochas.com\/fr#website","url":"https:\/\/www-p.rochas.com\/fr","name":"Rochas Site Officiel","description":"Mode et parfum \u00e0 Paris depuis 1925","potentialAction":[{"@type":"SearchAction","target":{"@type":"EntryPoint","urlTemplate":"https:\/\/www-p.rochas.com\/fr?s={search_term_string}"},"query-input":"required name=search_term_string"}],"inLanguage":"fr-FR"}]}},"_links":{"self":[{"href":"https:\/\/www-p.rochas.com\/fr\/wp-json\/wp\/v2\/pages\/1251"}],"collection":[{"href":"https:\/\/www-p.rochas.com\/fr\/wp-json\/wp\/v2\/pages"}],"about":[{"href":"https:\/\/www-p.rochas.com\/fr\/wp-json\/wp\/v2\/types\/page"}],"author":[{"embeddable":true,"href":"https:\/\/www-p.rochas.com\/fr\/wp-json\/wp\/v2\/users\/1"}],"replies":[{"embeddable":true,"href":"https:\/\/www-p.rochas.com\/fr\/wp-json\/wp\/v2\/comments?post=1251"}],"version-history":[{"count":11,"href":"https:\/\/www-p.rochas.com\/fr\/wp-json\/wp\/v2\/pages\/1251\/revisions"}],"predecessor-version":[{"id":17501,"href":"https:\/\/www-p.rochas.com\/fr\/wp-json\/wp\/v2\/pages\/1251\/revisions\/17501"}],"wp:attachment":[{"href":"https:\/\/www-p.rochas.com\/fr\/wp-json\/wp\/v2\/media?parent=1251"}],"wp:term":[{"taxonomy":"search_page_tag","embeddable":true,"href":"https:\/\/www-p.rochas.com\/fr\/wp-json\/wp\/v2\/search_page_tag?post=1251"}],"curies":[{"name":"wp","href":"https:\/\/api.w.org\/{rel}","templated":true}]}}