{"id":908,"date":"2021-04-06T16:56:48","date_gmt":"2021-04-06T16:56:48","guid":{"rendered":"https:\/\/www.rochas.com\/helene-rochas\/"},"modified":"2021-09-01T16:01:36","modified_gmt":"2021-09-01T16:01:36","slug":"helene-rochas","status":"publish","type":"page","link":"https:\/\/www-p.rochas.com\/es\/helene-rochas","title":{"rendered":"Helene Rochas"},"content":{"rendered":"\n\n<section id=\"disko-component-banniere-promotionnelle-block_60e70a1c16a1a\" class=\"disko-component disko-component-banniere-promotionnelle has-title\" data-header-color=\"black\"\ndata-associated-perfume-category=\"\">\n    \n    <!-- specific styling -->\n    <style type=\"text\/css\">\n        #disko-component-banniere-promotionnelle-block_60e70a1c16a1a {\n            color: black;\n            --triangle-color: black;\n        }\n        #disko-component-banniere-promotionnelle-block_60e70a1c16a1a .description {\n            order: 0;\n        }\n        #disko-component-banniere-promotionnelle-block_60e70a1c16a1a .underlined-cta {\n            --underline-color: black;\n        }\n    <\/style>\n\n            <picture>\n    \t\t<!-- Extra small devices (portrait phones, less than 768px) -->\n    \t\t<source media=\"(max-width: 767px)\" srcset=\"https:\/\/www-p.rochas.com\/wp-content\/uploads\/2021\/07\/helene-rochas.jpg 141w, https:\/\/www-p.rochas.com\/wp-content\/uploads\/2021\/07\/helene-rochas.jpg 282w, https:\/\/www-p.rochas.com\/wp-content\/uploads\/2021\/07\/helene-rochas.jpg 768w, https:\/\/www-p.rochas.com\/wp-content\/uploads\/2021\/07\/helene-rochas.jpg 961w, https:\/\/www-p.rochas.com\/wp-content\/uploads\/2021\/07\/helene-rochas.jpg 1036w, https:\/\/www-p.rochas.com\/wp-content\/uploads\/2021\/07\/helene-rochas.jpg 683w\" loading=\"lazy\" type=\"image\/jpeg\" \/>\n    \t\t<!-- Medium devices (tablets, 768px and up) -->\n    \t\t<source media=\"(min-width: 768px)\" srcset=\"https:\/\/www-p.rochas.com\/wp-content\/uploads\/2021\/07\/helene-rochas-banniere.jpg 150w, https:\/\/www-p.rochas.com\/wp-content\/uploads\/2021\/07\/helene-rochas-banniere.jpg 300w, https:\/\/www-p.rochas.com\/wp-content\/uploads\/2021\/07\/helene-rochas-banniere.jpg 768w, https:\/\/www-p.rochas.com\/wp-content\/uploads\/2021\/07\/helene-rochas-banniere.jpg 1009w, https:\/\/www-p.rochas.com\/wp-content\/uploads\/2021\/07\/helene-rochas-banniere.jpg 683w\" loading=\"lazy\" type=\"image\/jpeg\" \/>\n    \t\t<!-- fallback -->\n    \t\t<img decoding=\"async\" srcset=\"https:\/\/www-p.rochas.com\/wp-content\/uploads\/2021\/07\/helene-rochas.jpg 141w, https:\/\/www-p.rochas.com\/wp-content\/uploads\/2021\/07\/helene-rochas.jpg 282w, https:\/\/www-p.rochas.com\/wp-content\/uploads\/2021\/07\/helene-rochas.jpg 768w, https:\/\/www-p.rochas.com\/wp-content\/uploads\/2021\/07\/helene-rochas.jpg 961w, https:\/\/www-p.rochas.com\/wp-content\/uploads\/2021\/07\/helene-rochas.jpg 1036w, https:\/\/www-p.rochas.com\/wp-content\/uploads\/2021\/07\/helene-rochas.jpg 683w\" src=\"https:\/\/www-p.rochas.com\/wp-content\/uploads\/2021\/07\/helene-rochas.jpg\" loading=\"lazy\" class=\"background-media\" alt=\"\"\/>\n        <\/picture>\n        \n            <h1 class=\"title-xl disko-animate-onload\">H\u00c9L\u00c8NE ROCHAS<\/h1>\n        \n            <div class=\"description disko-animate-onload  sans-serif\"><p>Su apariencia es la encarnaci\u00f3n de la elegancia a la francesa. Larga liana distinguida, ojos color zafiro, ella representa la seducci\u00f3n, el chic de Par\u00eds. Y tambi\u00e9n la generosidad. Conocer a H\u00e9l\u00e8ne Rochas es amarla. <\/p>\n<\/div>\n        \n        \n        \n<\/section>\n\n\n\n\n\n\n<section id=\"disko-component-quinconce-block_6070604d09a62\" class=\"disko-component disko-component-quinconce image-first \">\n    \n    <!-- specific styling -->\n    <style type=\"text\/css\">\n        #disko-component-quinconce-block_6070604d09a62 .grid-item__title.quotation-mark > :first-child::before\n        {\n          color: #FCC200;\n        }\n    <\/style>\n\n        <div class=\"quinconce-grid\">                <div class=\"grid-item\">\n            <div class=\"wysiwyg\">\n                \n                                <h2 class=\"grid-item__title \">\n                  <p>MUSA DE <\/p>\n<p>MARCEL ROCHAS<\/p>\n                <\/h2>\n                                \n                <p>H\u00e9l\u00e8ne es bailarina cl\u00e1sica y alumna de arte dram\u00e1tico en la clase Simon cuando se topa, durante la Ocupaci\u00f3n, con Marcel Rochas, quien la habr\u00eda abordado en el metro con la frase \u00abtienes la apariencia ideal para llevar un sombrero\u00bb. Aqu\u00e9lla a quien se apodar\u00eda muy pronto la \u00abBella H\u00e9l\u00e8ne\u00bb se convierte en modelo estrella para la boutique de la avenida Matignon. Marcel Rochas forma su mirada, su estilo e incluso le dedica el perfume Femme como regalo de bodas. <\/p>\n                \n                            <\/div>\n            <div class=\"img-container\">\n                <div class=\"caption-wrapper\">\n                                            <img decoding=\"async\" srcset=\"https:\/\/www-p.rochas.com\/wp-content\/uploads\/2021\/04\/img-copy-3-150x150.png 150w, https:\/\/www-p.rochas.com\/wp-content\/uploads\/2021\/04\/img-copy-3-245x300.png 245w, https:\/\/www-p.rochas.com\/wp-content\/uploads\/2021\/04\/img-copy-3.png 450w\" src=\"https:\/\/www-p.rochas.com\/wp-content\/uploads\/2021\/04\/img-copy-3.png\" loading=\"lazy\" sizes=\"(max-width: 767px) 84vw, 38vw\" alt=\"\">\n                                        <div class=\"caption\">\n                        <p>NELLY BRIGNOLE<\/p>\n                        <p>1<\/p>\n                    <\/div>\n                <\/div>\n            <\/div>\n        <\/div>\n                    <div class=\"grid-item\">\n            <div class=\"wysiwyg\">\n                \n                                <h2 class=\"grid-item__title \">\n                  <p>MUJER DE <\/p>\n<p>NEGOCIOS<\/p>\n                <\/h2>\n                                \n                <p>Al fallecer Marcel Rochas en 1955, H\u00e9l\u00e8ne Rochas se convierte en una de las primeras mujeres de Francia en ocupar el cargo de directora general. La \u00abexecutive woman\u00bb transforma en esa \u00e9poca Rochas en una marca de perfumer\u00eda de lujo. Surgen as\u00ed Madame Rochas en 1960, en un frasco de cristal de Baccarat, y luego Monsieur Rochas en 1969 y Eau de Rochas en 1970, un \u00e9xito planetario. <\/p>\n                \n                            <\/div>\n            <div class=\"img-container\">\n                <div class=\"caption-wrapper\">\n                                            <img decoding=\"async\" srcset=\"https:\/\/www-p.rochas.com\/wp-content\/uploads\/2021\/07\/GettyImages-947427454.jpg 101w, https:\/\/www-p.rochas.com\/wp-content\/uploads\/2021\/07\/GettyImages-947427454.jpg 201w, https:\/\/www-p.rochas.com\/wp-content\/uploads\/2021\/07\/GettyImages-947427454.jpg 398w\" src=\"https:\/\/www-p.rochas.com\/wp-content\/uploads\/2021\/07\/GettyImages-947427454.jpg\" loading=\"lazy\" sizes=\"(max-width: 767px) 84vw, 38vw\" alt=\"\">\n                                        <div class=\"caption\">\n                        <p>H\u00c9L\u00c8NE ROCHAS<\/p>\n                        <p>2<\/p>\n                    <\/div>\n                <\/div>\n            <\/div>\n        <\/div>\n    <\/div>\n<\/section>\n\n\n\n\n\n<section id=\"disko-component-slider-square-block_6082ea5f5cd83\" class=\"disko-component disko-component-slider-square\" data-header-color=\"black\">\n   \n    <h1 class=\"animated-title\" data-title=\"MUJER DE MUNDO&nbsp;\u2014&nbsp;\">MUJER DE MUNDO&nbsp;\u2014&nbsp;<\/h1>\n        <div class=\"swiper-container\">\n        <div class=\"swiper-wrapper\">\n                        <div class=\"swiper-slide\">\n\n                <div class=\"text-container\" data-swiper-parallax=\"-100%\" data-swiper-parallax-opacity=\"-10\">\n                    \n                    <h2 class=\"title\"><\/h2>\n                    \n                    <p>La \u00abpantera sofisticada\u00bb, como la apoda la prensa estadounidense, encarna la marca. Gracias a su generosidad, inteligencia y belleza, esta gran dama hechiza las veladas Grand Si\u00e8cle de un Par\u00eds que ya no existe. H\u00e9l\u00e8ne Rochas es una fuente de inspiraci\u00f3n para los artistas de la segunda mitad del siglo XX: C\u00e9sar inmortaliza su seno en una escultura monumental en 1967, y Andy Warhol realiza su retrato pop art en 1975. <\/p>\n                <\/div>\n                \n                                    <img decoding=\"async\" srcset=\"https:\/\/www-p.rochas.com\/wp-content\/uploads\/2021\/07\/shutterstock_editorial_11815978c-scaled.jpeg 146w, https:\/\/www-p.rochas.com\/wp-content\/uploads\/2021\/07\/shutterstock_editorial_11815978c-scaled.jpeg 291w, https:\/\/www-p.rochas.com\/wp-content\/uploads\/2021\/07\/shutterstock_editorial_11815978c-scaled.jpeg 768w, https:\/\/www-p.rochas.com\/wp-content\/uploads\/2021\/07\/shutterstock_editorial_11815978c-scaled.jpeg 993w, https:\/\/www-p.rochas.com\/wp-content\/uploads\/2021\/07\/shutterstock_editorial_11815978c-scaled.jpeg 1490w, https:\/\/www-p.rochas.com\/wp-content\/uploads\/2021\/07\/shutterstock_editorial_11815978c-scaled.jpeg 1987w, https:\/\/www-p.rochas.com\/wp-content\/uploads\/2021\/07\/shutterstock_editorial_11815978c-scaled.jpeg 683w\" src=\"https:\/\/www-p.rochas.com\/wp-content\/uploads\/2021\/07\/shutterstock_editorial_11815978c-scaled.jpeg\" loading=\"lazy\" sizes=\"(max-width: 767px) 50vw, 33vw\" class=\"picture\">\n                                \n            <\/div>\n                        <div class=\"swiper-slide\">\n\n                <div class=\"text-container\" data-swiper-parallax=\"-100%\" data-swiper-parallax-opacity=\"-10\">\n                    \n                    <h2 class=\"title\"><\/h2>\n                    \n                    <p>H\u00e9l\u00e8ne frecuenta los medios art\u00edsticos, organizando fiestas y bailes suntuosos. En su hotel particular parisino situado en el n\u00famero 40 de la calle Barbet-de-Jouy, H\u00e9l\u00e8ne Rochas organiza grandes cenas en las cuales se codean, entre otros, Louis Aragon, Paul \u00c9luard, Salvador Dal\u00ed, Max Ernst, Man Ray, el duque y la duquesa de Windsor, para hablar de arte y literatura mundial. <\/p>\n                <\/div>\n                \n                                    <img decoding=\"async\" srcset=\"https:\/\/www-p.rochas.com\/wp-content\/uploads\/2021\/08\/3acd189599d1d2a668ed2a7e8ff43158.jpg 150w, https:\/\/www-p.rochas.com\/wp-content\/uploads\/2021\/08\/3acd189599d1d2a668ed2a7e8ff43158.jpg 300w, https:\/\/www-p.rochas.com\/wp-content\/uploads\/2021\/08\/3acd189599d1d2a668ed2a7e8ff43158.jpg 485w\" src=\"https:\/\/www-p.rochas.com\/wp-content\/uploads\/2021\/08\/3acd189599d1d2a668ed2a7e8ff43158.jpg\" loading=\"lazy\" sizes=\"(max-width: 767px) 50vw, 33vw\" class=\"picture\">\n                                \n            <\/div>\n                    <\/div>\n        \n        <div class=\"swiper-button-prev\">\n            <svg class=\"slider-fullscreen-arrow-svg\" xmlns=\"http:\/\/www.w3.org\/2000\/svg\" width=\"5\" height=\"25\" fill=\"var(--color, #000000)\" viewBox=\"0 0 5 25\" xmlns:v=\"https:\/\/vecta.io\/nano\"><path d=\"M1.97 1.058L.673 2.897c-.105.15-.308.182-.452.073s-.176-.32-.071-.47L1.66.359C1.821.131 2.055 0 2.301 0h0 .001c.246.001.48.132.642.363l1.494 2.139c.105.15.073.361-.072.468s-.348.075-.451-.075L2.617 1.037V25H1.97V1.058z\" fill-rule=\"evenodd\"\/><\/svg>        <\/div>\n        <div class=\"swiper-pagination sans-serif\"><\/div>\n        <div class=\"swiper-button-next\">\n            <svg class=\"slider-fullscreen-arrow-svg\" xmlns=\"http:\/\/www.w3.org\/2000\/svg\" width=\"5\" height=\"25\" fill=\"var(--color, #000000)\" viewBox=\"0 0 5 25\" xmlns:v=\"https:\/\/vecta.io\/nano\"><path d=\"M1.97 1.058L.673 2.897c-.105.15-.308.182-.452.073s-.176-.32-.071-.47L1.66.359C1.821.131 2.055 0 2.301 0h0 .001c.246.001.48.132.642.363l1.494 2.139c.105.15.073.361-.072.468s-.348.075-.451-.075L2.617 1.037V25H1.97V1.058z\" fill-rule=\"evenodd\"\/><\/svg>        <\/div>\n        \n        <div class=\"navigation-pagination-container\">\n            \n        <\/div>\n    <\/div>\n        \n<\/section>\n\n<!-- specific styling -->\n<style type=\"text\/css\">\n    #disko-component-slider-square-block_6082ea5f5cd83 {\n        background-color: #fcc200;\n        color: black;\n        --color: black;\n        --slide-direction: row-reverse;\n    }\n    #disko-component-slider-square-block_6082ea5f5cd83 .animated-title {\n        --stroke-color: #ffe27f;\n        animation-duration: 14s;\n    }\n<\/style>","protected":false},"excerpt":{"rendered":"","protected":false},"author":1,"featured_media":0,"parent":0,"menu_order":0,"comment_status":"closed","ping_status":"closed","template":"","meta":{"_acf_changed":false,"footnotes":""},"search_page_tag":[208],"acf":[],"yoast_head":"<!-- This site is optimized with the Yoast SEO plugin v22.3 - https:\/\/yoast.com\/wordpress\/plugins\/seo\/ -->\n<title>Helene Rochas - Rochas Sitio Oficial<\/title>\n<meta name=\"description\" content=\"La vida fascinante de H\u00e9l\u00e8ne Rochas a la cabeza de la Casa de Perfumes y Moda Rochas. Un destino apasionante, de musa a mujer de negocios.\" \/>\n<meta name=\"robots\" content=\"noindex, follow, max-snippet:-1, max-image-preview:large, max-video-preview:-1\" \/>\n<meta property=\"og:locale\" content=\"es_ES\" \/>\n<meta property=\"og:type\" content=\"article\" \/>\n<meta property=\"og:title\" content=\"Helene Rochas - Rochas Sitio Oficial\" \/>\n<meta property=\"og:description\" content=\"La vida fascinante de H\u00e9l\u00e8ne Rochas a la cabeza de la Casa de Perfumes y Moda Rochas. Un destino apasionante, de musa a mujer de negocios.\" \/>\n<meta property=\"og:url\" content=\"https:\/\/www-p.rochas.com\/es\/helene-rochas\" \/>\n<meta property=\"og:site_name\" content=\"Rochas Sitio Oficial\" \/>\n<meta property=\"article:modified_time\" content=\"2021-09-01T16:01:36+00:00\" \/>\n<meta name=\"twitter:card\" content=\"summary_large_image\" \/>\n<script type=\"application\/ld+json\" class=\"yoast-schema-graph\">{\"@context\":\"https:\/\/schema.org\",\"@graph\":[{\"@type\":\"WebPage\",\"@id\":\"https:\/\/www-p.rochas.com\/es\/helene-rochas\",\"url\":\"https:\/\/www-p.rochas.com\/es\/helene-rochas\",\"name\":\"Helene Rochas - Rochas Sitio Oficial\",\"isPartOf\":{\"@id\":\"https:\/\/www-p.rochas.com\/es\/#website\"},\"datePublished\":\"2021-04-06T16:56:48+00:00\",\"dateModified\":\"2021-09-01T16:01:36+00:00\",\"description\":\"La vida fascinante de H\u00e9l\u00e8ne Rochas a la cabeza de la Casa de Perfumes y Moda Rochas. Un destino apasionante, de musa a mujer de negocios.\",\"breadcrumb\":{\"@id\":\"https:\/\/www-p.rochas.com\/es\/helene-rochas#breadcrumb\"},\"inLanguage\":\"es\",\"potentialAction\":[{\"@type\":\"ReadAction\",\"target\":[\"https:\/\/www-p.rochas.com\/es\/helene-rochas\"]}]},{\"@type\":\"BreadcrumbList\",\"@id\":\"https:\/\/www-p.rochas.com\/es\/helene-rochas#breadcrumb\",\"itemListElement\":[{\"@type\":\"ListItem\",\"position\":1,\"name\":\"Home\",\"item\":\"https:\/\/www-p.rochas.com\/es\"},{\"@type\":\"ListItem\",\"position\":2,\"name\":\"Helene Rochas\"}]},{\"@type\":\"WebSite\",\"@id\":\"https:\/\/www-p.rochas.com\/es\/#website\",\"url\":\"https:\/\/www-p.rochas.com\/es\/\",\"name\":\"Rochas Sitio Oficial\",\"description\":\"Mode et parfum \u00e0 Paris depuis 1925\",\"potentialAction\":[{\"@type\":\"SearchAction\",\"target\":{\"@type\":\"EntryPoint\",\"urlTemplate\":\"https:\/\/www-p.rochas.com\/es\/?s={search_term_string}\"},\"query-input\":\"required name=search_term_string\"}],\"inLanguage\":\"es\"}]}<\/script>\n<!-- \/ Yoast SEO plugin. -->","yoast_head_json":{"title":"Helene Rochas - Rochas Sitio Oficial","description":"La vida fascinante de H\u00e9l\u00e8ne Rochas a la cabeza de la Casa de Perfumes y Moda Rochas. Un destino apasionante, de musa a mujer de negocios.","robots":{"index":"noindex","follow":"follow","max-snippet":"max-snippet:-1","max-image-preview":"max-image-preview:large","max-video-preview":"max-video-preview:-1"},"og_locale":"es_ES","og_type":"article","og_title":"Helene Rochas - Rochas Sitio Oficial","og_description":"La vida fascinante de H\u00e9l\u00e8ne Rochas a la cabeza de la Casa de Perfumes y Moda Rochas. Un destino apasionante, de musa a mujer de negocios.","og_url":"https:\/\/www-p.rochas.com\/es\/helene-rochas","og_site_name":"Rochas Sitio Oficial","article_modified_time":"2021-09-01T16:01:36+00:00","twitter_card":"summary_large_image","schema":{"@context":"https:\/\/schema.org","@graph":[{"@type":"WebPage","@id":"https:\/\/www-p.rochas.com\/es\/helene-rochas","url":"https:\/\/www-p.rochas.com\/es\/helene-rochas","name":"Helene Rochas - Rochas Sitio Oficial","isPartOf":{"@id":"https:\/\/www-p.rochas.com\/es\/#website"},"datePublished":"2021-04-06T16:56:48+00:00","dateModified":"2021-09-01T16:01:36+00:00","description":"La vida fascinante de H\u00e9l\u00e8ne Rochas a la cabeza de la Casa de Perfumes y Moda Rochas. Un destino apasionante, de musa a mujer de negocios.","breadcrumb":{"@id":"https:\/\/www-p.rochas.com\/es\/helene-rochas#breadcrumb"},"inLanguage":"es","potentialAction":[{"@type":"ReadAction","target":["https:\/\/www-p.rochas.com\/es\/helene-rochas"]}]},{"@type":"BreadcrumbList","@id":"https:\/\/www-p.rochas.com\/es\/helene-rochas#breadcrumb","itemListElement":[{"@type":"ListItem","position":1,"name":"Home","item":"https:\/\/www-p.rochas.com\/es"},{"@type":"ListItem","position":2,"name":"Helene Rochas"}]},{"@type":"WebSite","@id":"https:\/\/www-p.rochas.com\/es\/#website","url":"https:\/\/www-p.rochas.com\/es\/","name":"Rochas Sitio Oficial","description":"Mode et parfum \u00e0 Paris depuis 1925","potentialAction":[{"@type":"SearchAction","target":{"@type":"EntryPoint","urlTemplate":"https:\/\/www-p.rochas.com\/es\/?s={search_term_string}"},"query-input":"required name=search_term_string"}],"inLanguage":"es"}]}},"_links":{"self":[{"href":"https:\/\/www-p.rochas.com\/es\/wp-json\/wp\/v2\/pages\/908"}],"collection":[{"href":"https:\/\/www-p.rochas.com\/es\/wp-json\/wp\/v2\/pages"}],"about":[{"href":"https:\/\/www-p.rochas.com\/es\/wp-json\/wp\/v2\/types\/page"}],"author":[{"embeddable":true,"href":"https:\/\/www-p.rochas.com\/es\/wp-json\/wp\/v2\/users\/1"}],"replies":[{"embeddable":true,"href":"https:\/\/www-p.rochas.com\/es\/wp-json\/wp\/v2\/comments?post=908"}],"version-history":[{"count":19,"href":"https:\/\/www-p.rochas.com\/es\/wp-json\/wp\/v2\/pages\/908\/revisions"}],"predecessor-version":[{"id":12835,"href":"https:\/\/www-p.rochas.com\/es\/wp-json\/wp\/v2\/pages\/908\/revisions\/12835"}],"wp:attachment":[{"href":"https:\/\/www-p.rochas.com\/es\/wp-json\/wp\/v2\/media?parent=908"}],"wp:term":[{"taxonomy":"search_page_tag","embeddable":true,"href":"https:\/\/www-p.rochas.com\/es\/wp-json\/wp\/v2\/search_page_tag?post=908"}],"curies":[{"name":"wp","href":"https:\/\/api.w.org\/{rel}","templated":true}]}}