{"id":1275,"date":"2021-04-16T16:39:27","date_gmt":"2021-04-16T16:39:27","guid":{"rendered":"https:\/\/www.rochas.com\/menciones-legales\/"},"modified":"2024-04-11T14:50:36","modified_gmt":"2024-04-11T14:50:36","slug":"menciones-legales","status":"publish","type":"page","link":"https:\/\/www-p.rochas.com\/es\/menciones-legales","title":{"rendered":"Notas Legales"},"content":{"rendered":"\n<p><strong>Editor: <\/strong>El sitio ROCHAS est\u00e1 editado por Interparfums, sociedad an\u00f3nima con un capital de 188 717 919 euros inscrita en el Registro Mercantil de Par\u00eds con el n\u00famero 350.219.382, y con domicilio social en 10 rue de Solferino, 75007 Par\u00eds, Francia (tel. de contacto: 33 (0) 1 53 77 00 00)<\/p>\n\n\n\n<p><strong>Director editorial: <\/strong>Philippe Benacin<\/p>\n\n\n\n<p><strong>Empresa de alojamiento web: <\/strong>El Sitio est\u00e1 alojado por SimpleRezo, 20 Bd de S\u00e9bastopol, 75004 Paris, France. <a target=\"_blank\" href=\"https:\/\/www.simplerezo.com\/\" rel=\"noreferrer noopener\">https:\/\/www.simplerezo.com\/<\/a><\/p>\n\n\n\n<h2 class=\"wp-block-heading\">Condiciones de uso del Sitio web<\/h2>\n\n\n\n<p>El uso de este Sitio constituye la aceptaci\u00f3n de estos t\u00e9rminos y condiciones.<\/p>\n\n\n\n<p>A menos que se especifique lo contrario, el Sitio es para uso personal solo con fines informativos. Cualquier otro uso est\u00e1 prohibido y sujeto a nuestra autorizaci\u00f3n.<\/p>\n\n\n\n<p>A pesar de todo el cuidado puesto en el desarrollo de este Sitio y su actualizaci\u00f3n regular, Interparfums declina toda responsabilidad por cualquier imprecisi\u00f3n, inexactitud u omisi\u00f3n relacionada con la informaci\u00f3n disponible en el Sitio, as\u00ed como, dentro de los l\u00edmites permitidos por la ley, por cualquier da\u00f1o resultante de las dificultades encontradas al acceder a su Sitio.<\/p>\n\n\n\n<p>Interparfums declina toda responsabilidad:<\/p>\n\n\n\n<p>\u2013 Por cualquier interrupci\u00f3n, suspensi\u00f3n o mal funcionamiento del Sitio \u2013 Problemas inform\u00e1ticos \u2013 Por cualquier inexactitud u omisi\u00f3n relacionada con la informaci\u00f3n disponible en el Sitio<\/p>\n\n\n\n<h2 class=\"wp-block-heading\">Derechos de propiedad intelectual<\/h2>\n\n\n\n<p>El Sitio y todo su contenido (incluyendo marcas, textos, modelos, im\u00e1genes, v\u00eddeos y m\u00fasica) est\u00e1n protegidos por derechos de propiedad intelectual. Estos elementos son propiedad exclusiva de Interparfums y sus colaboradores, que no conceden ninguna licencia ni ning\u00fan otro derecho que no sea el de consultar el Sitio. Todas las marcas comerciales a las que se hace referencia en este Sitio son marcas comerciales protegidas por registros a nombre de sus respectivos propietarios.<\/p>\n\n\n\n<p>Queda prohibida la reproducci\u00f3n y representaci\u00f3n total o parcial del Sitio y de su contenido, as\u00ed como su utilizaci\u00f3n para fines distintos de los previstos en las condiciones de uso, sin la autorizaci\u00f3n previa de Interparfums. El incumplimiento de esta prohibici\u00f3n constituye un acto de falsificaci\u00f3n por el que todo infractor es responsable.<\/p>\n\n\n\n<h2 class=\"wp-block-heading\">Enlaces<\/h2>\n\n\n\n<p>Cualquier establecimiento de enlaces al Sitio est\u00e1 estrictamente prohibido, excepto con el consentimiento previo de Interparfums.<\/p>\n\n\n\n<p>El Sitio puede contener enlaces a otros sitios web u otras fuentes de Internet. Dado que Interparfums no tiene control sobre estos sitios, Interparfums declina toda responsabilidad sobre estos sitios y su contenido. Si los visita, le invitamos a consultar los avisos legales y las pol\u00edticas de privacidad aplicables a los mismos.<\/p>\n\n\n\n<h2 class=\"wp-block-heading\">Datos personales<\/h2>\n\n\n\n<p>Si se pone en contacto con nosotros a trav\u00e9s de la secci\u00f3n \u00ab<a href=\"https:\/\/www-p.rochas.com\/es\/contactanos\">Contacto<\/a>\u00bb, Interparfums podr\u00e1 recoger y tratar sus datos personales de forma electr\u00f3nica para responder a su solicitud. Los destinatarios de los datos recopilados son los departamentos de Interparfums responsables de su tratamiento, incluidos, en su caso, sus subcontratistas y socios.<\/p>\n\n\n\n<p>Nos encargamos de proteger los datos personales que nos env\u00eda. Le invitamos a consultar la <a href=\"https:\/\/www-p.rochas.com\/es\/politica-de-privacidad\">pol\u00edtica de privacidad <\/a>que describe la pol\u00edtica de protecci\u00f3n de datos personales de Interparfums.<\/p>\n\n\n\n<h2 class=\"wp-block-heading\">Cookies<\/h2>\n\n\n\n<p>El Sitio utiliza cookies.<\/p>\n\n\n\n<p>Una \u00abcookie\u00bb es un archivo de datos que hace referencia a un archivo de texto que puede almacenarse en un \u00e1rea espec\u00edfica del disco duro de su dispositivo (ordenador, tableta, tel\u00e9fono inteligente, etc.) cuando visita el Sitio. Para m\u00e1s informaci\u00f3n sobre el uso de cookies en el Sitio, le invitamos a consultar nuestra <a href=\"javascript:openAxeptioCookies()\">pol\u00edtica de cookies<\/a>.<\/p>\n\n\n\n<h2 class=\"wp-block-heading\">Modificaci\u00f3n del Sitio y de las condiciones de uso<\/h2>\n\n\n\n<p>Interparfums se reserva el derecho de modificar el Sitio y estas Condiciones de uso del Sitio en cualquier momento, dichas modificaciones se incorporar\u00e1n a las presentes Condiciones de uso del Sitio.<\/p>\n\n\n\n<h2 class=\"wp-block-heading\">Derecho aplicable y litigios<\/h2>\n\n\n\n<p>Las presentes condiciones de uso del Sitio se rigen por la legislaci\u00f3n francesa. Toda controversia relativa a su validez, interpretaci\u00f3n o ejecuci\u00f3n se someter\u00e1 a la jurisdicci\u00f3n exclusiva de los tribunales de Par\u00eds.<\/p>\n\n\n\n<p>Versi\u00f3n de ogosto de 2021.<\/p>\n","protected":false},"excerpt":{"rendered":"<p>Editor: El sitio ROCHAS est\u00e1 editado por Interparfums, sociedad an\u00f3nima con un capital de 188 717 919 euros inscrita en el Registro Mercantil de Par\u00eds con el n\u00famero 350.219.382, y con domicilio social en 10 rue de Solferino, 75007 Par\u00eds, Francia (tel. de contacto: 33 (0) 1 53 77 00 00) Director editorial: Philippe Benacin [&hellip;]<\/p>\n","protected":false},"author":1,"featured_media":0,"parent":0,"menu_order":0,"comment_status":"closed","ping_status":"closed","template":"template-legal.php","meta":{"_acf_changed":false,"footnotes":""},"search_page_tag":[],"acf":[],"yoast_head":"<!-- This site is optimized with the Yoast SEO plugin v22.3 - https:\/\/yoast.com\/wordpress\/plugins\/seo\/ -->\n<title>Notas Legales - Rochas Sitio Oficial<\/title>\n<meta name=\"description\" content=\"Consulta la pol\u00edtica de cookies y de procesamiento de datos personales del sitio web Rochas.com.\" \/>\n<meta name=\"robots\" content=\"noindex, follow, max-snippet:-1, max-image-preview:large, max-video-preview:-1\" \/>\n<meta property=\"og:locale\" content=\"es_ES\" \/>\n<meta property=\"og:type\" content=\"article\" \/>\n<meta property=\"og:title\" content=\"Notas Legales - Rochas Sitio Oficial\" \/>\n<meta property=\"og:description\" content=\"Consulta la pol\u00edtica de cookies y de procesamiento de datos personales del sitio web Rochas.com.\" \/>\n<meta property=\"og:url\" content=\"https:\/\/www-p.rochas.com\/es\/menciones-legales\" \/>\n<meta property=\"og:site_name\" content=\"Rochas Sitio Oficial\" \/>\n<meta property=\"article:modified_time\" content=\"2024-04-11T14:50:36+00:00\" \/>\n<meta name=\"twitter:card\" content=\"summary_large_image\" \/>\n<meta name=\"twitter:label1\" content=\"Tiempo de lectura\" \/>\n\t<meta name=\"twitter:data1\" content=\"4 minutos\" \/>\n<script type=\"application\/ld+json\" class=\"yoast-schema-graph\">{\"@context\":\"https:\/\/schema.org\",\"@graph\":[{\"@type\":\"WebPage\",\"@id\":\"https:\/\/www-p.rochas.com\/es\/menciones-legales\",\"url\":\"https:\/\/www-p.rochas.com\/es\/menciones-legales\",\"name\":\"Notas Legales - Rochas Sitio Oficial\",\"isPartOf\":{\"@id\":\"https:\/\/www-p.rochas.com\/es\/#website\"},\"datePublished\":\"2021-04-16T16:39:27+00:00\",\"dateModified\":\"2024-04-11T14:50:36+00:00\",\"description\":\"Consulta la pol\u00edtica de cookies y de procesamiento de datos personales del sitio web Rochas.com.\",\"breadcrumb\":{\"@id\":\"https:\/\/www-p.rochas.com\/es\/menciones-legales#breadcrumb\"},\"inLanguage\":\"es\",\"potentialAction\":[{\"@type\":\"ReadAction\",\"target\":[\"https:\/\/www-p.rochas.com\/es\/menciones-legales\"]}]},{\"@type\":\"BreadcrumbList\",\"@id\":\"https:\/\/www-p.rochas.com\/es\/menciones-legales#breadcrumb\",\"itemListElement\":[{\"@type\":\"ListItem\",\"position\":1,\"name\":\"Home\",\"item\":\"https:\/\/www-p.rochas.com\/es\"},{\"@type\":\"ListItem\",\"position\":2,\"name\":\"Notas Legales\"}]},{\"@type\":\"WebSite\",\"@id\":\"https:\/\/www-p.rochas.com\/es\/#website\",\"url\":\"https:\/\/www-p.rochas.com\/es\/\",\"name\":\"Rochas Sitio Oficial\",\"description\":\"Mode et parfum \u00e0 Paris depuis 1925\",\"potentialAction\":[{\"@type\":\"SearchAction\",\"target\":{\"@type\":\"EntryPoint\",\"urlTemplate\":\"https:\/\/www-p.rochas.com\/es\/?s={search_term_string}\"},\"query-input\":\"required name=search_term_string\"}],\"inLanguage\":\"es\"}]}<\/script>\n<!-- \/ Yoast SEO plugin. -->","yoast_head_json":{"title":"Notas Legales - Rochas Sitio Oficial","description":"Consulta la pol\u00edtica de cookies y de procesamiento de datos personales del sitio web Rochas.com.","robots":{"index":"noindex","follow":"follow","max-snippet":"max-snippet:-1","max-image-preview":"max-image-preview:large","max-video-preview":"max-video-preview:-1"},"og_locale":"es_ES","og_type":"article","og_title":"Notas Legales - Rochas Sitio Oficial","og_description":"Consulta la pol\u00edtica de cookies y de procesamiento de datos personales del sitio web Rochas.com.","og_url":"https:\/\/www-p.rochas.com\/es\/menciones-legales","og_site_name":"Rochas Sitio Oficial","article_modified_time":"2024-04-11T14:50:36+00:00","twitter_card":"summary_large_image","twitter_misc":{"Tiempo de lectura":"4 minutos"},"schema":{"@context":"https:\/\/schema.org","@graph":[{"@type":"WebPage","@id":"https:\/\/www-p.rochas.com\/es\/menciones-legales","url":"https:\/\/www-p.rochas.com\/es\/menciones-legales","name":"Notas Legales - Rochas Sitio Oficial","isPartOf":{"@id":"https:\/\/www-p.rochas.com\/es\/#website"},"datePublished":"2021-04-16T16:39:27+00:00","dateModified":"2024-04-11T14:50:36+00:00","description":"Consulta la pol\u00edtica de cookies y de procesamiento de datos personales del sitio web Rochas.com.","breadcrumb":{"@id":"https:\/\/www-p.rochas.com\/es\/menciones-legales#breadcrumb"},"inLanguage":"es","potentialAction":[{"@type":"ReadAction","target":["https:\/\/www-p.rochas.com\/es\/menciones-legales"]}]},{"@type":"BreadcrumbList","@id":"https:\/\/www-p.rochas.com\/es\/menciones-legales#breadcrumb","itemListElement":[{"@type":"ListItem","position":1,"name":"Home","item":"https:\/\/www-p.rochas.com\/es"},{"@type":"ListItem","position":2,"name":"Notas Legales"}]},{"@type":"WebSite","@id":"https:\/\/www-p.rochas.com\/es\/#website","url":"https:\/\/www-p.rochas.com\/es\/","name":"Rochas Sitio Oficial","description":"Mode et parfum \u00e0 Paris depuis 1925","potentialAction":[{"@type":"SearchAction","target":{"@type":"EntryPoint","urlTemplate":"https:\/\/www-p.rochas.com\/es\/?s={search_term_string}"},"query-input":"required name=search_term_string"}],"inLanguage":"es"}]}},"_links":{"self":[{"href":"https:\/\/www-p.rochas.com\/es\/wp-json\/wp\/v2\/pages\/1275"}],"collection":[{"href":"https:\/\/www-p.rochas.com\/es\/wp-json\/wp\/v2\/pages"}],"about":[{"href":"https:\/\/www-p.rochas.com\/es\/wp-json\/wp\/v2\/types\/page"}],"author":[{"embeddable":true,"href":"https:\/\/www-p.rochas.com\/es\/wp-json\/wp\/v2\/users\/1"}],"replies":[{"embeddable":true,"href":"https:\/\/www-p.rochas.com\/es\/wp-json\/wp\/v2\/comments?post=1275"}],"version-history":[{"count":13,"href":"https:\/\/www-p.rochas.com\/es\/wp-json\/wp\/v2\/pages\/1275\/revisions"}],"predecessor-version":[{"id":19276,"href":"https:\/\/www-p.rochas.com\/es\/wp-json\/wp\/v2\/pages\/1275\/revisions\/19276"}],"wp:attachment":[{"href":"https:\/\/www-p.rochas.com\/es\/wp-json\/wp\/v2\/media?parent=1275"}],"wp:term":[{"taxonomy":"search_page_tag","embeddable":true,"href":"https:\/\/www-p.rochas.com\/es\/wp-json\/wp\/v2\/search_page_tag?post=1275"}],"curies":[{"name":"wp","href":"https:\/\/api.w.org\/{rel}","templated":true}]}}