{"id":1272,"date":"2021-04-16T16:39:46","date_gmt":"2021-04-16T16:39:46","guid":{"rendered":"https:\/\/www.rochas.com\/condiciones-generales-de-venta\/"},"modified":"2022-11-03T15:55:41","modified_gmt":"2022-11-03T15:55:41","slug":"politica-de-privacidad","status":"publish","type":"page","link":"https:\/\/www-p.rochas.com\/es\/politica-de-privacidad","title":{"rendered":"Politica de Privacidad"},"content":{"rendered":"\n<h2 class=\"wp-block-heading\"><strong>\u00bfQUI\u00c9N ES EL RESPONSABLE DEL TRATAMIENTO DE MIS DATOS PERSONALES?<\/strong><\/h2>\n\n\n\n<p>INTERPARFUMS es una sociedad an\u00f3nima con un capital social de 171\u00a0561\u00a0747 euros con domicilio social en 10 rue de Solferino, 75007 Par\u00eds, inscrita en el Registro Mercantil Par\u00eds con el n\u00famero 350 219 382.<\/p>\n\n\n\n<h2 class=\"wp-block-heading\"><strong>\u00bfCU\u00c1NDO RECOPILAMOS SUS DATOS PERSONALES?<\/strong><\/h2>\n\n\n\n<p>Usted nos proporciona informaci\u00f3n personal cada vez que visita nuestro sitio web www.rochas.com. En este contexto, INTERPARFUMS podr\u00e1 recopilar sus datos personales mediante las siguientes acciones:<\/p>\n\n\n\n<p>&#8211; Cuando navega por el sitio web www.rochas.com (es decir, informaci\u00f3n t\u00e9cnica, como direcciones IP o registros recopilados mediante cookies o tecnolog\u00edas similares);<\/p>\n\n\n\n<p>&#8211; Cuando rellena nuestro formulario de \u00abContacto\u00bb en la secci\u00f3n correspondiente en nuestro Sitio;<\/p>\n\n\n\n<p>&#8211; Cuando env\u00eda informaci\u00f3n personal de cualquier otra manera.<\/p>\n\n\n\n<h2 class=\"wp-block-heading\"><strong>\u00bfQU\u00c9 HACEMOS CON SUS DATOS PERSONALES?<\/strong><\/h2>\n\n\n\n<h3 class=\"wp-block-heading\"><strong>\u00bfCon qu\u00e9 finalidad INTERPARFUMS procesa sus datos personales?<\/strong><\/h3>\n\n\n\n<p>Dependiendo del tipo de datos personales que nos proporcione, utilizaremos sus datos personales para los siguientes fines:<\/p>\n\n\n\n<p>a) Responder a sus preguntas y\/o solicitudes sobre nuestra empresa o nuestros productos a trav\u00e9s del correspondiente formulario de \u00abContacto\u00bb;<\/p>\n\n\n\n<p>b) Realizar an\u00e1lisis estad\u00edsticos del uso y frecuentaci\u00f3n de nuestro Sitio a trav\u00e9s del uso de cookies con el fin de mejorar nuestros servicios y tecnolog\u00eda;<\/p>\n\n\n\n<p>c) Comunicarle informaci\u00f3n comercial o no comercial sobre nuestros productos;<\/p>\n\n\n\n<p>d) Para enviarle muestras, ocasionalmente, para la promoci\u00f3n de nuestros productos;<\/p>\n\n\n\n<p>e) Gestionar su participaci\u00f3n en concursos y\/o sorteos, y\/o cualquier otra transacci\u00f3n comercial en la que usted acepte participar.<\/p>\n\n\n\n<p>Tenga en cuenta que los campos marcados con un asterisco en los formularios en l\u00ednea son obligatorios. Sin esta informaci\u00f3n, INTERPARFUMS no podr\u00e1 procesar la solicitud del usuario. Cumplimentar el resto de la informaci\u00f3n es opcional.<\/p>\n\n\n\n<h3 class=\"wp-block-heading\"><strong>\u00bfDurante cu\u00e1nto tiempo INTERPARFUMS conserva sus datos personales?<\/strong><\/h3>\n\n\n\n<p>Utilizaremos sus datos personales \u00fanicamente durante el periodo de tiempo necesario para cumplir con los fines descritos en el siguiente punto 3. INTERPARFUMS conserva sus datos personales de acuerdo con los plazos de almacenamiento impuestos por la legislaci\u00f3n aplicable y, en particular:<\/p>\n\n\n\n<p>Preguntas y reclamaciones: sus datos personales ser\u00e1n conservados solo durante el tiempo que dure el procesamiento de su solicitud, y luego ser\u00e1n destruidos.<\/p>\n\n\n\n<p>Datos de conexi\u00f3n: sus registros de conexi\u00f3n recopilados, sujetos a su consentimiento y la configuraci\u00f3n de su dispositivo, mediante el uso de cookies, se almacenar\u00e1n de acuerdo con la normativa aplicable durante un periodo de trece (13) meses. Para m\u00e1s informaci\u00f3n sobre las cookies, consulte nuestra pol\u00edtica de cookies y haga clic en el <a href=\"javascript:openAxeptioCookies()\">enlace<\/a>.<\/p>\n\n\n\n<p>Sus datos personales, en cualquier caso, ser\u00e1n destruidos siempre que as\u00ed lo solicite haciendo clic en el <a href=\"https:\/\/www-p.rochas.com\/es\/contactanos\">enlace<\/a>.<\/p>\n\n\n\n<h3 class=\"wp-block-heading\"><strong>\u00bfEstoy obligado a dar mi consentimiento para el tratamiento de mis datos personales?<\/strong><\/h3>\n\n\n\n<p>Si desea utilizar nuestros servicios para los fines descritos anteriormente, estamos obligados a procesar sus datos personales. Las operaciones de tratamiento realizadas se llevan a cabo \u00fanicamente bajo su consentimiento. En consecuencia, en caso de que usted se niegue a que tratemos sus datos personales, INTERPARFUMS no podr\u00e1 responder a sus peticiones y\/o prestar los servicios solicitados.<\/p>\n\n\n\n<h2 class=\"wp-block-heading\"><strong>\u00bfCON QUI\u00c9N COMPARTIMOS SUS DATOS PERSONALES?<\/strong><\/h2>\n\n\n\n<h3 class=\"wp-block-heading\"><strong>\u00bfPuede INTERPARFUMS divulgar y\/o transferir sus datos personales?<\/strong><\/h3>\n\n\n\n<p>INTERPARFUMS podr\u00e1, en su caso, de acuerdo con las condiciones descritas, divulgar sus datos personales:<\/p>\n\n\n\n<ol type=\"a\"><li>A los empleados de INTERPARFUMS que trabajan en los equipos encargados de la comunicaci\u00f3n externa,<\/li><li>A los empleados de INTERPARFUMS que trabajan en los equipos digitales y de TI;<\/li><li>Ocasionalmente, a los subcontratistas de INTERPARFUMS que se encargan de la atenci\u00f3n al cliente, el alojamiento web y el soporte inform\u00e1tico;<\/li><li>A terceros para la elaboraci\u00f3n de estad\u00edsticas asociadas al uso del sitio web;<\/li><li>A empresas especializadas en el env\u00edo de correo electr\u00f3nico para el env\u00edo de muestras de nuestros productos<\/li><li>A servidores de correo electr\u00f3nico para realizar campa\u00f1as de email marketing;<\/li><li>En caso de que la divulgaci\u00f3n de sus datos personales a terceros sea exigida por ley, reglamento o por orden judicial.<\/li><\/ol>\n\n\n\n<h3 class=\"wp-block-heading\"><strong>\u00bfSus datos personales ser\u00e1n transferidos a otros pa\u00edses?<\/strong><\/h3>\n\n\n\n<p>No, sus datos personales no ser\u00e1n cedidos a entidades domiciliadas en el extranjero.<\/p>\n\n\n\n<h2 class=\"wp-block-heading\"><strong>\u00bfCU\u00c1LES SON SUS DERECHOS SOBRE SUS DATOS PERSONALES?<\/strong><\/h2>\n\n\n\n<p>Usted podr\u00e1, en cualquier momento, ejercer sus derechos de acceso, rectificaci\u00f3n, cancelaci\u00f3n y conservaci\u00f3n de sus datos personales, as\u00ed como su derecho a restringir y oponerse al tratamiento de sus datos personales, de conformidad con lo establecido en la normativa de protecci\u00f3n de datos. Estos derechos pueden ejercerse directamente con el responsable de la protecci\u00f3n de datos (v\u00e9ase la secci\u00f3n 9). Para que podamos responder a su solicitud, es posible que se le solicite una prueba de identidad. Tambi\u00e9n puede dirigirse a la Comisi\u00f3n Nacional de la Inform\u00e1tica y de las Libertades (CNIL), 3 Place de Fontenoy-TSA 80715-75334 Par\u00eds Cedex 07, Tel: 01 53 73 22 22, para cualquier reclamaci\u00f3n relativa a la forma en que INTERPARFUMS recopila y procesa sus datos.<\/p>\n\n\n\n<h2 class=\"wp-block-heading\"><strong>PREGUNTAS Y CONTACTOS<\/strong><\/h2>\n\n\n\n<p>Para cualquier pregunta o comentario sobre nuestra Pol\u00edtica, o sobre la forma en que INTERPARFUMS recopila y utiliza sus datos personales, y para ejercer sus derechos con respecto a sus datos personales, escriba a nuestro Responsable de Protecci\u00f3n de Datos (RPD) a trav\u00e9s de la p\u00e1gina <a href=\"https:\/\/www-p.rochas.com\/es\/contactanos\">contacto<\/a> o por correo postal a la siguiente direcci\u00f3n: INTERPARFUMS-DPO, 4 Rond-Point des Champs Elys\u00e9es 75008 Par\u00eds.<\/p>\n\n\n\n<h2 class=\"wp-block-heading\"><strong><strong>MODIFICACI\u00d3N DE NUESTRA POL\u00cdTICA DE PRIVACIDAD<\/strong><\/strong><\/h2>\n\n\n\n<p>Esta Pol\u00edtica de Privacidad podr\u00e1 ser modificada o completada en cualquier momento por INTERPARFUMS. Todos los cambios y adiciones a la presente Pol\u00edtica entrar\u00e1n en vigor inmediatamente despu\u00e9s de su publicaci\u00f3n en el Sitio.<\/p>\n","protected":false},"excerpt":{"rendered":"<p>\u00bfQUI\u00c9N ES EL RESPONSABLE DEL TRATAMIENTO DE MIS DATOS PERSONALES? INTERPARFUMS es una sociedad an\u00f3nima con un capital social de 171\u00a0561\u00a0747 euros con domicilio social en 10 rue de Solferino, 75007 Par\u00eds, inscrita en el Registro Mercantil Par\u00eds con el n\u00famero 350 219 382. \u00bfCU\u00c1NDO RECOPILAMOS SUS DATOS PERSONALES? Usted nos proporciona informaci\u00f3n personal cada [&hellip;]<\/p>\n","protected":false},"author":1,"featured_media":0,"parent":0,"menu_order":0,"comment_status":"closed","ping_status":"closed","template":"template-legal.php","meta":{"_acf_changed":false,"footnotes":""},"search_page_tag":[],"acf":[],"yoast_head":"<!-- This site is optimized with the Yoast SEO plugin v22.3 - https:\/\/yoast.com\/wordpress\/plugins\/seo\/ -->\n<title>Politica de Privacidad - Rochas Sitio Oficial<\/title>\n<meta name=\"description\" content=\"Consulta las condiciones generales del sitio web Rochas.com.\" \/>\n<meta name=\"robots\" content=\"noindex, follow, max-snippet:-1, max-image-preview:large, max-video-preview:-1\" \/>\n<meta property=\"og:locale\" content=\"es_ES\" \/>\n<meta property=\"og:type\" content=\"article\" \/>\n<meta property=\"og:title\" content=\"Politica de Privacidad - Rochas Sitio Oficial\" \/>\n<meta property=\"og:description\" content=\"Consulta las condiciones generales del sitio web Rochas.com.\" \/>\n<meta property=\"og:url\" content=\"https:\/\/www-p.rochas.com\/es\/politica-de-privacidad\" \/>\n<meta property=\"og:site_name\" content=\"Rochas Sitio Oficial\" \/>\n<meta property=\"article:modified_time\" content=\"2022-11-03T15:55:41+00:00\" \/>\n<meta name=\"twitter:card\" content=\"summary_large_image\" \/>\n<meta name=\"twitter:label1\" content=\"Tiempo de lectura\" \/>\n\t<meta name=\"twitter:data1\" content=\"5 minutos\" \/>\n<script type=\"application\/ld+json\" class=\"yoast-schema-graph\">{\"@context\":\"https:\/\/schema.org\",\"@graph\":[{\"@type\":\"WebPage\",\"@id\":\"https:\/\/www-p.rochas.com\/es\/politica-de-privacidad\",\"url\":\"https:\/\/www-p.rochas.com\/es\/politica-de-privacidad\",\"name\":\"Politica de Privacidad - Rochas Sitio Oficial\",\"isPartOf\":{\"@id\":\"https:\/\/www-p.rochas.com\/es\/#website\"},\"datePublished\":\"2021-04-16T16:39:46+00:00\",\"dateModified\":\"2022-11-03T15:55:41+00:00\",\"description\":\"Consulta las condiciones generales del sitio web Rochas.com.\",\"breadcrumb\":{\"@id\":\"https:\/\/www-p.rochas.com\/es\/politica-de-privacidad#breadcrumb\"},\"inLanguage\":\"es\",\"potentialAction\":[{\"@type\":\"ReadAction\",\"target\":[\"https:\/\/www-p.rochas.com\/es\/politica-de-privacidad\"]}]},{\"@type\":\"BreadcrumbList\",\"@id\":\"https:\/\/www-p.rochas.com\/es\/politica-de-privacidad#breadcrumb\",\"itemListElement\":[{\"@type\":\"ListItem\",\"position\":1,\"name\":\"Home\",\"item\":\"https:\/\/www-p.rochas.com\/es\"},{\"@type\":\"ListItem\",\"position\":2,\"name\":\"Politica de Privacidad\"}]},{\"@type\":\"WebSite\",\"@id\":\"https:\/\/www-p.rochas.com\/es\/#website\",\"url\":\"https:\/\/www-p.rochas.com\/es\/\",\"name\":\"Rochas Sitio Oficial\",\"description\":\"Mode et parfum \u00e0 Paris depuis 1925\",\"potentialAction\":[{\"@type\":\"SearchAction\",\"target\":{\"@type\":\"EntryPoint\",\"urlTemplate\":\"https:\/\/www-p.rochas.com\/es\/?s={search_term_string}\"},\"query-input\":\"required name=search_term_string\"}],\"inLanguage\":\"es\"}]}<\/script>\n<!-- \/ Yoast SEO plugin. -->","yoast_head_json":{"title":"Politica de Privacidad - Rochas Sitio Oficial","description":"Consulta las condiciones generales del sitio web Rochas.com.","robots":{"index":"noindex","follow":"follow","max-snippet":"max-snippet:-1","max-image-preview":"max-image-preview:large","max-video-preview":"max-video-preview:-1"},"og_locale":"es_ES","og_type":"article","og_title":"Politica de Privacidad - Rochas Sitio Oficial","og_description":"Consulta las condiciones generales del sitio web Rochas.com.","og_url":"https:\/\/www-p.rochas.com\/es\/politica-de-privacidad","og_site_name":"Rochas Sitio Oficial","article_modified_time":"2022-11-03T15:55:41+00:00","twitter_card":"summary_large_image","twitter_misc":{"Tiempo de lectura":"5 minutos"},"schema":{"@context":"https:\/\/schema.org","@graph":[{"@type":"WebPage","@id":"https:\/\/www-p.rochas.com\/es\/politica-de-privacidad","url":"https:\/\/www-p.rochas.com\/es\/politica-de-privacidad","name":"Politica de Privacidad - Rochas Sitio Oficial","isPartOf":{"@id":"https:\/\/www-p.rochas.com\/es\/#website"},"datePublished":"2021-04-16T16:39:46+00:00","dateModified":"2022-11-03T15:55:41+00:00","description":"Consulta las condiciones generales del sitio web Rochas.com.","breadcrumb":{"@id":"https:\/\/www-p.rochas.com\/es\/politica-de-privacidad#breadcrumb"},"inLanguage":"es","potentialAction":[{"@type":"ReadAction","target":["https:\/\/www-p.rochas.com\/es\/politica-de-privacidad"]}]},{"@type":"BreadcrumbList","@id":"https:\/\/www-p.rochas.com\/es\/politica-de-privacidad#breadcrumb","itemListElement":[{"@type":"ListItem","position":1,"name":"Home","item":"https:\/\/www-p.rochas.com\/es"},{"@type":"ListItem","position":2,"name":"Politica de Privacidad"}]},{"@type":"WebSite","@id":"https:\/\/www-p.rochas.com\/es\/#website","url":"https:\/\/www-p.rochas.com\/es\/","name":"Rochas Sitio Oficial","description":"Mode et parfum \u00e0 Paris depuis 1925","potentialAction":[{"@type":"SearchAction","target":{"@type":"EntryPoint","urlTemplate":"https:\/\/www-p.rochas.com\/es\/?s={search_term_string}"},"query-input":"required name=search_term_string"}],"inLanguage":"es"}]}},"_links":{"self":[{"href":"https:\/\/www-p.rochas.com\/es\/wp-json\/wp\/v2\/pages\/1272"}],"collection":[{"href":"https:\/\/www-p.rochas.com\/es\/wp-json\/wp\/v2\/pages"}],"about":[{"href":"https:\/\/www-p.rochas.com\/es\/wp-json\/wp\/v2\/types\/page"}],"author":[{"embeddable":true,"href":"https:\/\/www-p.rochas.com\/es\/wp-json\/wp\/v2\/users\/1"}],"replies":[{"embeddable":true,"href":"https:\/\/www-p.rochas.com\/es\/wp-json\/wp\/v2\/comments?post=1272"}],"version-history":[{"count":8,"href":"https:\/\/www-p.rochas.com\/es\/wp-json\/wp\/v2\/pages\/1272\/revisions"}],"predecessor-version":[{"id":17503,"href":"https:\/\/www-p.rochas.com\/es\/wp-json\/wp\/v2\/pages\/1272\/revisions\/17503"}],"wp:attachment":[{"href":"https:\/\/www-p.rochas.com\/es\/wp-json\/wp\/v2\/media?parent=1272"}],"wp:term":[{"taxonomy":"search_page_tag","embeddable":true,"href":"https:\/\/www-p.rochas.com\/es\/wp-json\/wp\/v2\/search_page_tag?post=1272"}],"curies":[{"name":"wp","href":"https:\/\/api.w.org\/{rel}","templated":true}]}}